{"id":1807,"date":"2011-09-02T01:08:12","date_gmt":"2011-09-01T23:08:12","guid":{"rendered":"http:\/\/antibarbarus.de\/?page_id=1807"},"modified":"2021-08-31T14:01:47","modified_gmt":"2021-08-31T12:01:47","slug":"sie-konnen-mir-auch-eine-e-mail-schicken","status":"publish","type":"page","link":"http:\/\/antibarbarus.de\/?page_id=1807","title":{"rendered":"Impressum"},"content":{"rendered":"<p>Nat\u00fcrlich k\u00f6nnen Sie jeden einzelnen Artikel \u00f6ffentlich kommentieren. Sie k\u00f6nnen mir aber auch eine E-Mail schicken. Schreiben Sie einfach an<\/p>\n<p style=\"text-align: center;\">lupulus@antibarbarus.de.<\/p>\n<p>V.i.S.d.P.:<\/p>\n<p>Richard Wolf<br \/>Steubenstr. 33<br \/>63225 Langen.<\/p>\n\n\n<p><\/p>\n","protected":false},"excerpt":{"rendered":"<p>Nat\u00fcrlich k\u00f6nnen Sie jeden einzelnen Artikel \u00f6ffentlich kommentieren. Sie k\u00f6nnen mir aber auch eine E-Mail schicken. Schreiben Sie einfach an lupulus@antibarbarus.de. V.i.S.d.P.: Richard WolfSteubenstr. 3363225 Langen.<\/p>\n","protected":false},"author":1,"featured_media":0,"parent":0,"menu_order":0,"comment_status":"open","ping_status":"open","template":"","meta":{"footnotes":""},"class_list":["post-1807","page","type-page","status-publish","hentry"],"_links":{"self":[{"href":"http:\/\/antibarbarus.de\/index.php?rest_route=\/wp\/v2\/pages\/1807","targetHints":{"allow":["GET"]}}],"collection":[{"href":"http:\/\/antibarbarus.de\/index.php?rest_route=\/wp\/v2\/pages"}],"about":[{"href":"http:\/\/antibarbarus.de\/index.php?rest_route=\/wp\/v2\/types\/page"}],"author":[{"embeddable":true,"href":"http:\/\/antibarbarus.de\/index.php?rest_route=\/wp\/v2\/users\/1"}],"replies":[{"embeddable":true,"href":"http:\/\/antibarbarus.de\/index.php?rest_route=%2Fwp%2Fv2%2Fcomments&post=1807"}],"version-history":[{"count":8,"href":"http:\/\/antibarbarus.de\/index.php?rest_route=\/wp\/v2\/pages\/1807\/revisions"}],"predecessor-version":[{"id":21707,"href":"http:\/\/antibarbarus.de\/index.php?rest_route=\/wp\/v2\/pages\/1807\/revisions\/21707"}],"wp:attachment":[{"href":"http:\/\/antibarbarus.de\/index.php?rest_route=%2Fwp%2Fv2%2Fmedia&parent=1807"}],"curies":[{"name":"wp","href":"https:\/\/api.w.org\/{rel}","templated":true}]}}